{"id":15428,"date":"2024-06-20T14:28:19","date_gmt":"2024-06-20T12:28:19","guid":{"rendered":"https:\/\/syrivizionit.org\/?page_id=15428"},"modified":"2026-02-12T13:25:10","modified_gmt":"2026-02-12T11:25:10","slug":"donors","status":"publish","type":"page","link":"https:\/\/syriivizionit.org\/sq\/donors\/","title":{"rendered":"Donator\u00ebt"},"content":{"rendered":"<div data-elementor-type=\"wp-page\" data-elementor-id=\"15428\" class=\"elementor elementor-15428\" data-elementor-post-type=\"page\">\n\t\t\t\t<div class=\"elementor-element elementor-element-6968b01 e-flex e-con-boxed e-con e-parent\" data-id=\"6968b01\" data-element_type=\"container\">\n\t\t\t\t\t<div class=\"e-con-inner\">\n\t\t\t\t<div class=\"elementor-element elementor-element-10e3114 elementor-widget elementor-widget-heading\" data-id=\"10e3114\" data-element_type=\"widget\" data-widget_type=\"heading.default\">\n\t\t\t\t<div class=\"elementor-widget-container\">\n\t\t\t<h2 class=\"elementor-heading-title elementor-size-default\">Donator\u00ebt<\/h2>\t\t<\/div>\n\t\t\t\t<\/div>\n\t\t\t\t<div class=\"elementor-element elementor-element-1e3aac9 elementor-widget elementor-widget-text-editor\" data-id=\"1e3aac9\" data-element_type=\"widget\" data-widget_type=\"text-editor.default\">\n\t\t\t\t<div class=\"elementor-widget-container\">\n\t\t\t\t\t\t\t<p>Gjat\u00eb aktivitetit t\u00eb saj nga viti 1999 organizata joqeveritare SiV p\u00ebr t\u00eb realizuar projektet e veta ka bashk\u00ebpunuar me dhjet\u00ebra organizata me t\u00eb cilat \u00ebsht\u00eb punuar p\u00ebr realizimin e projekteve dhe q\u00ebllimeve t\u00eb p\u00ebrbashk\u00ebta. K\u00ebto organizata kan\u00eb mb\u00ebshtetur pun\u00ebn e organizat\u00ebs dhe kan\u00eb financuar projekte t\u00eb ndryshme t\u00eb implementuara n\u00eb terren.<\/p><p>P\u00ebr t\u00eb gjitha k\u00ebto organizata, Syri i vizionit shpreh nj\u00eb fal\u00ebnderim t\u00eb madh p\u00ebr bashk\u00ebpunimin e mir\u00eb q\u00eb ka pasur, p\u00ebr besimin n\u00eb organizat\u00ebn dhe p\u00ebr realizim t\u00eb suksessh\u00ebm t\u00eb projekteve q\u00eb n\u00ebp\u00ebr vite kan\u00eb ndikuar n\u00eb p\u00ebrmir\u00ebsimin e jet\u00ebs s\u00eb qytetar\u00ebve.<\/p>\t\t\t\t\t\t<\/div>\n\t\t\t\t<\/div>\n\t\t\t\t\t<\/div>\n\t\t\t\t<\/div>\n\t\t<div class=\"elementor-element elementor-element-1bb8c3d e-grid e-con-boxed e-con e-parent\" data-id=\"1bb8c3d\" data-element_type=\"container\">\n\t\t\t\t\t<div class=\"e-con-inner\">\n\t\t\t\t<div class=\"elementor-element elementor-element-8d892b6 elementor-widget elementor-widget-image\" data-id=\"8d892b6\" data-element_type=\"widget\" data-widget_type=\"image.default\">\n\t\t\t\t<div class=\"elementor-widget-container\">\n\t\t\t\t\t\t\t\t\t\t\t\t\t\t<a href=\"https:\/\/www.entwicklung.at\/en\" target=\"_blank\">\n\t\t\t\t\t\t\t<img fetchpriority=\"high\" decoding=\"async\" width=\"807\" height=\"345\" src=\"https:\/\/syriivizionit.org\/wp-content\/uploads\/2024\/06\/logo-ada-austria.png\" class=\"attachment-large size-large wp-image-15430\" alt=\"\" srcset=\"https:\/\/syriivizionit.org\/wp-content\/uploads\/2024\/06\/logo-ada-austria.png 807w, https:\/\/syriivizionit.org\/wp-content\/uploads\/2024\/06\/logo-ada-austria-300x128.png 300w, https:\/\/syriivizionit.org\/wp-content\/uploads\/2024\/06\/logo-ada-austria-768x328.png 768w, https:\/\/syriivizionit.org\/wp-content\/uploads\/2024\/06\/logo-ada-austria-18x8.png 18w\" sizes=\"(max-width: 807px) 100vw, 807px\" \/>\t\t\t\t\t\t\t\t<\/a>\n\t\t\t\t\t\t\t\t\t\t\t\t\t<\/div>\n\t\t\t\t<\/div>\n\t\t\t\t<div class=\"elementor-element elementor-element-c3ec33a elementor-widget elementor-widget-image\" data-id=\"c3ec33a\" data-element_type=\"widget\" data-widget_type=\"image.default\">\n\t\t\t\t<div class=\"elementor-widget-container\">\n\t\t\t\t\t\t\t\t\t\t\t\t\t\t<a href=\"https:\/\/www.sida.se\/en\" target=\"_blank\">\n\t\t\t\t\t\t\t<img decoding=\"async\" width=\"433\" height=\"164\" src=\"https:\/\/syriivizionit.org\/wp-content\/uploads\/2024\/05\/sida-logo-2.png\" class=\"attachment-large size-large wp-image-11898\" alt=\"\" srcset=\"https:\/\/syriivizionit.org\/wp-content\/uploads\/2024\/05\/sida-logo-2.png 433w, https:\/\/syriivizionit.org\/wp-content\/uploads\/2024\/05\/sida-logo-2-300x114.png 300w, https:\/\/syriivizionit.org\/wp-content\/uploads\/2024\/05\/sida-logo-2-18x7.png 18w\" sizes=\"(max-width: 433px) 100vw, 433px\" \/>\t\t\t\t\t\t\t\t<\/a>\n\t\t\t\t\t\t\t\t\t\t\t\t\t<\/div>\n\t\t\t\t<\/div>\n\t\t\t\t<div class=\"elementor-element elementor-element-ca39dcd elementor-widget elementor-widget-image\" data-id=\"ca39dcd\" data-element_type=\"widget\" data-widget_type=\"image.default\">\n\t\t\t\t<div class=\"elementor-widget-container\">\n\t\t\t\t\t\t\t\t\t\t\t\t\t\t<a href=\"https:\/\/commission.europa.eu\/index_en\" target=\"_blank\">\n\t\t\t\t\t\t\t<img decoding=\"async\" width=\"800\" height=\"555\" src=\"https:\/\/syriivizionit.org\/wp-content\/uploads\/2024\/05\/European_Commission_logo.png\" class=\"attachment-large size-large wp-image-11683\" alt=\"\" srcset=\"https:\/\/syriivizionit.org\/wp-content\/uploads\/2024\/05\/European_Commission_logo.png 800w, https:\/\/syriivizionit.org\/wp-content\/uploads\/2024\/05\/European_Commission_logo-300x208.png 300w, https:\/\/syriivizionit.org\/wp-content\/uploads\/2024\/05\/European_Commission_logo-768x533.png 768w, https:\/\/syriivizionit.org\/wp-content\/uploads\/2024\/05\/European_Commission_logo-18x12.png 18w\" sizes=\"(max-width: 800px) 100vw, 800px\" \/>\t\t\t\t\t\t\t\t<\/a>\n\t\t\t\t\t\t\t\t\t\t\t\t\t<\/div>\n\t\t\t\t<\/div>\n\t\t\t\t<div class=\"elementor-element elementor-element-a540e42 elementor-widget elementor-widget-image\" data-id=\"a540e42\" data-element_type=\"widget\" data-widget_type=\"image.default\">\n\t\t\t\t<div class=\"elementor-widget-container\">\n\t\t\t\t\t\t\t\t\t\t\t\t\t\t<a href=\"https:\/\/www.usaid.gov\/\" target=\"_blank\">\n\t\t\t\t\t\t\t<img loading=\"lazy\" decoding=\"async\" width=\"1024\" height=\"307\" src=\"https:\/\/syriivizionit.org\/wp-content\/uploads\/2024\/05\/USAID-logo-1024x307.png\" class=\"attachment-large size-large wp-image-11700\" alt=\"\" srcset=\"https:\/\/syriivizionit.org\/wp-content\/uploads\/2024\/05\/USAID-logo-1024x307.png 1024w, https:\/\/syriivizionit.org\/wp-content\/uploads\/2024\/05\/USAID-logo-300x90.png 300w, https:\/\/syriivizionit.org\/wp-content\/uploads\/2024\/05\/USAID-logo-768x230.png 768w, https:\/\/syriivizionit.org\/wp-content\/uploads\/2024\/05\/USAID-logo-1536x461.png 1536w, https:\/\/syriivizionit.org\/wp-content\/uploads\/2024\/05\/USAID-logo-18x5.png 18w, https:\/\/syriivizionit.org\/wp-content\/uploads\/2024\/05\/USAID-logo.png 1920w\" sizes=\"(max-width: 1024px) 100vw, 1024px\" \/>\t\t\t\t\t\t\t\t<\/a>\n\t\t\t\t\t\t\t\t\t\t\t\t\t<\/div>\n\t\t\t\t<\/div>\n\t\t\t\t<div class=\"elementor-element elementor-element-03545ab elementor-widget elementor-widget-image\" data-id=\"03545ab\" data-element_type=\"widget\" data-widget_type=\"image.default\">\n\t\t\t\t<div class=\"elementor-widget-container\">\n\t\t\t\t\t\t\t\t\t\t\t\t\t\t<a href=\"https:\/\/www.gcerf.org\/\" target=\"_blank\">\n\t\t\t\t\t\t\t<img loading=\"lazy\" decoding=\"async\" width=\"250\" height=\"69\" src=\"https:\/\/syriivizionit.org\/wp-content\/uploads\/2024\/06\/gcerf-black-logo.png\" class=\"attachment-large size-large wp-image-15215\" alt=\"\" srcset=\"https:\/\/syriivizionit.org\/wp-content\/uploads\/2024\/06\/gcerf-black-logo.png 250w, https:\/\/syriivizionit.org\/wp-content\/uploads\/2024\/06\/gcerf-black-logo-18x5.png 18w\" sizes=\"(max-width: 250px) 100vw, 250px\" \/>\t\t\t\t\t\t\t\t<\/a>\n\t\t\t\t\t\t\t\t\t\t\t\t\t<\/div>\n\t\t\t\t<\/div>\n\t\t\t\t<div class=\"elementor-element elementor-element-f19b4f4 elementor-widget elementor-widget-image\" data-id=\"f19b4f4\" data-element_type=\"widget\" data-widget_type=\"image.default\">\n\t\t\t\t<div class=\"elementor-widget-container\">\n\t\t\t\t\t\t\t\t\t\t\t\t\t\t<a href=\"https:\/\/www.giz.de\/en\/html\/index.html\" target=\"_blank\">\n\t\t\t\t\t\t\t<img loading=\"lazy\" decoding=\"async\" width=\"1024\" height=\"283\" src=\"https:\/\/syriivizionit.org\/wp-content\/uploads\/2024\/05\/Deutsche_Gesellschaft_fur_Internationale_Zusammenarbeit_Logo.svg-1024x283.png\" class=\"attachment-large size-large wp-image-11681\" alt=\"\" srcset=\"https:\/\/syriivizionit.org\/wp-content\/uploads\/2024\/05\/Deutsche_Gesellschaft_fur_Internationale_Zusammenarbeit_Logo.svg-1024x283.png 1024w, https:\/\/syriivizionit.org\/wp-content\/uploads\/2024\/05\/Deutsche_Gesellschaft_fur_Internationale_Zusammenarbeit_Logo.svg-300x83.png 300w, https:\/\/syriivizionit.org\/wp-content\/uploads\/2024\/05\/Deutsche_Gesellschaft_fur_Internationale_Zusammenarbeit_Logo.svg-768x212.png 768w, https:\/\/syriivizionit.org\/wp-content\/uploads\/2024\/05\/Deutsche_Gesellschaft_fur_Internationale_Zusammenarbeit_Logo.svg-1536x424.png 1536w, https:\/\/syriivizionit.org\/wp-content\/uploads\/2024\/05\/Deutsche_Gesellschaft_fur_Internationale_Zusammenarbeit_Logo.svg-2048x566.png 2048w, https:\/\/syriivizionit.org\/wp-content\/uploads\/2024\/05\/Deutsche_Gesellschaft_fur_Internationale_Zusammenarbeit_Logo.svg-18x5.png 18w\" sizes=\"(max-width: 1024px) 100vw, 1024px\" \/>\t\t\t\t\t\t\t\t<\/a>\n\t\t\t\t\t\t\t\t\t\t\t\t\t<\/div>\n\t\t\t\t<\/div>\n\t\t\t\t<div class=\"elementor-element elementor-element-b99b00f elementor-widget elementor-widget-image\" data-id=\"b99b00f\" data-element_type=\"widget\" data-widget_type=\"image.default\">\n\t\t\t\t<div class=\"elementor-widget-container\">\n\t\t\t\t\t\t\t\t\t\t\t\t\t\t<a href=\"https:\/\/www.eda.admin.ch\/eda\/de\/home.html\" target=\"_blank\">\n\t\t\t\t\t\t\t<img loading=\"lazy\" decoding=\"async\" width=\"460\" height=\"112\" src=\"https:\/\/syriivizionit.org\/wp-content\/uploads\/2024\/05\/SDC_logo.png\" class=\"attachment-large size-large wp-image-11695\" alt=\"\" srcset=\"https:\/\/syriivizionit.org\/wp-content\/uploads\/2024\/05\/SDC_logo.png 460w, https:\/\/syriivizionit.org\/wp-content\/uploads\/2024\/05\/SDC_logo-300x73.png 300w, https:\/\/syriivizionit.org\/wp-content\/uploads\/2024\/05\/SDC_logo-18x4.png 18w\" sizes=\"(max-width: 460px) 100vw, 460px\" \/>\t\t\t\t\t\t\t\t<\/a>\n\t\t\t\t\t\t\t\t\t\t\t\t\t<\/div>\n\t\t\t\t<\/div>\n\t\t\t\t<div class=\"elementor-element elementor-element-245d3dc elementor-widget elementor-widget-image\" data-id=\"245d3dc\" data-element_type=\"widget\" data-widget_type=\"image.default\">\n\t\t\t\t<div class=\"elementor-widget-container\">\n\t\t\t\t\t\t\t\t\t\t\t\t\t\t<a href=\"https:\/\/www.un.org\/en\" target=\"_blank\">\n\t\t\t\t\t\t\t<img loading=\"lazy\" decoding=\"async\" width=\"1024\" height=\"317\" src=\"https:\/\/syriivizionit.org\/wp-content\/uploads\/2024\/06\/Logo_of_the_United_Nations.svg.png\" class=\"attachment-large size-large wp-image-15220\" alt=\"\" srcset=\"https:\/\/syriivizionit.org\/wp-content\/uploads\/2024\/06\/Logo_of_the_United_Nations.svg.png 1024w, https:\/\/syriivizionit.org\/wp-content\/uploads\/2024\/06\/Logo_of_the_United_Nations.svg-300x93.png 300w, https:\/\/syriivizionit.org\/wp-content\/uploads\/2024\/06\/Logo_of_the_United_Nations.svg-768x238.png 768w, https:\/\/syriivizionit.org\/wp-content\/uploads\/2024\/06\/Logo_of_the_United_Nations.svg-18x6.png 18w\" sizes=\"(max-width: 1024px) 100vw, 1024px\" \/>\t\t\t\t\t\t\t\t<\/a>\n\t\t\t\t\t\t\t\t\t\t\t\t\t<\/div>\n\t\t\t\t<\/div>\n\t\t\t\t<div class=\"elementor-element elementor-element-579dc4f elementor-widget elementor-widget-image\" data-id=\"579dc4f\" data-element_type=\"widget\" data-widget_type=\"image.default\">\n\t\t\t\t<div class=\"elementor-widget-container\">\n\t\t\t\t\t\t\t\t\t\t\t\t\t\t<a href=\"https:\/\/www.wienerstaedtische.at\/\" target=\"_blank\">\n\t\t\t\t\t\t\t<img loading=\"lazy\" decoding=\"async\" width=\"600\" height=\"229\" src=\"https:\/\/syriivizionit.org\/wp-content\/uploads\/2026\/02\/Wiener_Stadtische_Versicherungsverein_Logo.svg\" class=\"attachment-large size-large wp-image-17620\" alt=\"\" \/>\t\t\t\t\t\t\t\t<\/a>\n\t\t\t\t\t\t\t\t\t\t\t\t\t<\/div>\n\t\t\t\t<\/div>\n\t\t\t\t<div class=\"elementor-element elementor-element-0d8953e elementor-widget elementor-widget-image\" data-id=\"0d8953e\" data-element_type=\"widget\" data-widget_type=\"image.default\">\n\t\t\t\t<div class=\"elementor-widget-container\">\n\t\t\t\t\t\t\t\t\t\t\t\t\t\t<a href=\"https:\/\/sigma-ks.net\/en\/about-us\/\" target=\"_blank\">\n\t\t\t\t\t\t\t<img loading=\"lazy\" decoding=\"async\" width=\"218\" height=\"84\" src=\"https:\/\/syriivizionit.org\/wp-content\/uploads\/2026\/02\/sigma_logo.svg\" class=\"attachment-large size-large wp-image-17621\" alt=\"\" \/>\t\t\t\t\t\t\t\t<\/a>\n\t\t\t\t\t\t\t\t\t\t\t\t\t<\/div>\n\t\t\t\t<\/div>\n\t\t\t\t\t<\/div>\n\t\t\t\t<\/div>\n\t\t\t\t<\/div>","protected":false},"excerpt":{"rendered":"<p>Donors During its activity since 1999, the non-governmental organization SiV has cooperated with dozens of organizations with which it has worked for the realization of projects and common goals, in [&hellip;]<\/p>","protected":false},"author":1,"featured_media":0,"parent":0,"menu_order":0,"comment_status":"closed","ping_status":"closed","template":"elementor_header_footer","meta":{"_acf_changed":false,"footnotes":""},"class_list":["post-15428","page","type-page","status-publish","hentry"],"acf":[],"_links":{"self":[{"href":"https:\/\/syriivizionit.org\/sq\/wp-json\/wp\/v2\/pages\/15428","targetHints":{"allow":["GET"]}}],"collection":[{"href":"https:\/\/syriivizionit.org\/sq\/wp-json\/wp\/v2\/pages"}],"about":[{"href":"https:\/\/syriivizionit.org\/sq\/wp-json\/wp\/v2\/types\/page"}],"author":[{"embeddable":true,"href":"https:\/\/syriivizionit.org\/sq\/wp-json\/wp\/v2\/users\/1"}],"replies":[{"embeddable":true,"href":"https:\/\/syriivizionit.org\/sq\/wp-json\/wp\/v2\/comments?post=15428"}],"version-history":[{"count":49,"href":"https:\/\/syriivizionit.org\/sq\/wp-json\/wp\/v2\/pages\/15428\/revisions"}],"predecessor-version":[{"id":17624,"href":"https:\/\/syriivizionit.org\/sq\/wp-json\/wp\/v2\/pages\/15428\/revisions\/17624"}],"wp:attachment":[{"href":"https:\/\/syriivizionit.org\/sq\/wp-json\/wp\/v2\/media?parent=15428"}],"curies":[{"name":"wp","href":"https:\/\/api.w.org\/{rel}","templated":true}]}}