{"id":2967,"date":"2024-01-19T07:14:18","date_gmt":"2024-01-19T07:14:18","guid":{"rendered":"https:\/\/themepanthers.com\/wp\/risehand\/el\/?page_id=2967"},"modified":"2024-06-11T13:25:08","modified_gmt":"2024-06-11T11:25:08","slug":"sivteam","status":"publish","type":"page","link":"https:\/\/syriivizionit.org\/sq\/sivteam\/","title":{"rendered":"SiV Team"},"content":{"rendered":"<div data-elementor-type=\"wp-page\" data-elementor-id=\"2967\" class=\"elementor elementor-2967\" data-elementor-post-type=\"page\">\n\t\t\t\t<div class=\"elementor-element elementor-element-c631467 e-flex e-con-boxed e-con e-parent\" data-id=\"c631467\" data-element_type=\"container\">\n\t\t\t\t\t<div class=\"e-con-inner\">\n\t\t\t\t<div class=\"elementor-element elementor-element-4e4e187 elementor-widget elementor-widget-image\" data-id=\"4e4e187\" data-element_type=\"widget\" data-widget_type=\"image.default\">\n\t\t\t\t<div class=\"elementor-widget-container\">\n\t\t\t\t\t\t\t\t\t\t\t\t\t<img fetchpriority=\"high\" decoding=\"async\" width=\"1024\" height=\"387\" src=\"https:\/\/syriivizionit.org\/wp-content\/uploads\/2024\/05\/Siv-1024x387.jpg\" class=\"attachment-large size-large wp-image-9249\" alt=\"\" srcset=\"https:\/\/syriivizionit.org\/wp-content\/uploads\/2024\/05\/Siv-1024x387.jpg 1024w, https:\/\/syriivizionit.org\/wp-content\/uploads\/2024\/05\/Siv-300x113.jpg 300w, https:\/\/syriivizionit.org\/wp-content\/uploads\/2024\/05\/Siv-768x290.jpg 768w, https:\/\/syriivizionit.org\/wp-content\/uploads\/2024\/05\/Siv-1536x581.jpg 1536w, https:\/\/syriivizionit.org\/wp-content\/uploads\/2024\/05\/Siv-2048x775.jpg 2048w\" sizes=\"(max-width: 1024px) 100vw, 1024px\" \/>\t\t\t\t\t\t\t\t\t\t\t\t\t<\/div>\n\t\t\t\t<\/div>\n\t\t\t\t\t<\/div>\n\t\t\t\t<\/div>\n\t\t\t\t<section class=\"elementor-section elementor-top-section elementor-element elementor-element-2c1af98 elementor-reverse-tablet elementor-reverse-mobile elementor-section-boxed elementor-section-height-default elementor-section-height-default\" data-id=\"2c1af98\" data-element_type=\"section\">\n\t\t\t\t\t\t<div class=\"elementor-container elementor-column-gap-default\">\n\t\t\t\t\t<div class=\"elementor-column elementor-col-100 elementor-top-column elementor-element elementor-element-6fc1f79\" data-id=\"6fc1f79\" data-element_type=\"column\">\n\t\t\t<div class=\"elementor-widget-wrap elementor-element-populated\">\n\t\t\t\t\t\t<div class=\"elementor-element elementor-element-c166d89 elementor-widget elementor-widget-risehand-tab-with-content-v1\" data-id=\"c166d89\" data-element_type=\"widget\" data-widget_type=\"risehand-tab-with-content-v1.default\">\n\t\t\t\t<div class=\"elementor-widget-container\">\n\t\t\t    <section class=\"risehand_tab\"><div class=\"tab_over_all_box\"> <div class=\"tabs_header clearfix\"> <ul class=\"showcase_tabs_btns mb_20 clearfix\">  <li class=\"nav-item\"> <a class=\"s_tab_btn theme_btn active\" data-tab=\"#tabtab1\">  Menaxhimi <i class=\"risehand-chevrons-right\"><\/i> <\/a> <\/li>  <li class=\"nav-item\"> <a class=\"s_tab_btn theme_btn\" data-tab=\"#tabassembly\">  Kuvendi i An\u00ebtar\u00ebve <i class=\"risehand-chevrons-right\"><\/i> <\/a> <\/li>  <li class=\"nav-item\"> <a class=\"s_tab_btn theme_btn\" data-tab=\"#tabBoard\">  Bordi drejtues <i class=\"risehand-chevrons-right\"><\/i> <\/a> <\/li>  <li class=\"nav-item\"> <a class=\"s_tab_btn theme_btn\" data-tab=\"#tabvisiontab\">  Financat <i class=\"risehand-chevrons-right\"><\/i> <\/a> <\/li>  <li class=\"nav-item\"> <a class=\"s_tab_btn theme_btn\" data-tab=\"#tabmissiontab\">  Stafi dhe Vullnetar\u00ebt <i class=\"risehand-chevrons-right\"><\/i> <\/a> <\/li>  <\/ul> <\/div> <div class=\"s_tab_wrapper\"> <div class=\"s_tabs_content\">  <div class=\"s_tab fade active-tab show\" id=\"tabtab1\"> <div class=\"tab_content one align_left\"> <div class=\"d_flex align-items-center\">  <div class=\"content\">  <div class=\"title_no_a_36 mb_20\">Struktura organizative \u00ebsht\u00eb e p\u00ebrb\u00ebr\u00eb nga: \n<\/div>    <ul class=\"list_items_box\">  <li class=\"list_items trans icons\"> <div class=\"l_box d_flex align-items-start\">  <div class=\"icon_box\">  <span class=\"risehand-check-circle1\"><\/span>  <\/div>  <div class=\"title_no_a_18\">Kuvendi i An\u00ebtar\u00ebve  <\/div> <\/div> <\/li>  <li class=\"list_items trans icons\"> <div class=\"l_box d_flex align-items-start\">  <div class=\"icon_box\">  <span class=\"risehand-check-circle1\"><\/span>  <\/div>  <div class=\"title_no_a_18\">Bordi drejtues\n <\/div> <\/div> <\/li>  <li class=\"list_items trans icons\"> <div class=\"l_box d_flex align-items-start\">  <div class=\"icon_box\">  <span class=\"risehand-check-circle1\"><\/span>  <\/div>  <div class=\"title_no_a_18\">Menaxhmenti <\/div> <\/div> <\/li>  <li class=\"list_items trans no_type\"> <div class=\"l_box d_flex align-items-start\">   <div class=\"title_no_a_18\">Drejtor Ekzekutiv: Veton Mujaj,\nveton.mujaj@syriivizionit.org, 044 111 408 <\/div> <\/div> <\/li>  <li class=\"list_items trans dots\"> <div class=\"l_box d_flex align-items-start\">   <div class=\"title_no_a_18\">Z\u00ebvend\u00ebsdrejtor dhe Shef i Administrat\u00ebs: Qenan Bardhaj,\n\nqenan.bardhaj@syriivizionit.org, 044 142 895 <\/div> <\/div> <\/li>  <li class=\"list_items trans dots\"> <div class=\"l_box d_flex align-items-start\">   <div class=\"title_no_a_18\">Koordinatore e organizat\u00ebs: Vlora Latifi,\n\nvlora.latifi@syriivizionit.org, 044 143 098 <\/div> <\/div> <\/li>  <li class=\"list_items trans dots\"> <div class=\"l_box d_flex align-items-start\">   <div class=\"title_no_a_18\">Shef i Programeve: Enver Ulaj,\n\nenver.ulaj@syriivizionit.org, 044 169 349 <\/div> <\/div> <\/li>  <li class=\"list_items trans dots\"> <div class=\"l_box d_flex align-items-start\">   <div class=\"title_no_a_18\">P\u00ebrgjegj\u00ebse p\u00ebr Financat: Zana Latifi,\n\nzana.latifi@syriivizionit.org, 049 680 314 <\/div> <\/div> <\/li>  <li class=\"list_items trans dots\"> <div class=\"l_box d_flex align-items-start\">   <div class=\"title_no_a_18\">P\u00ebrgjegj\u00ebs p\u00ebr Logjistik\u00ebn: Dukagjin Nishiqi, \n\ndukagjin.nishiqi@syriivizionit.org, 044 458 028  <\/div> <\/div> <\/li>  <\/ul>   <\/div> <\/div> <\/div> <\/div>  <div class=\"s_tab fade\" id=\"tabassembly\"> <div class=\"tab_content one align_left\"> <div class=\"d_flex align-items-center\">  <div class=\"content\">  <div class=\"title_no_a_36 mb_20\">Kuvendi i An\u00ebtar\u00ebve\n<\/div>   <p class=\"mb_20\">takohet \u00e7do vit dhe zgjedh me afat tri vje\u00e7ar Bordin drejtues dhe drejtorin ekzekutiv, t\u00eb cil\u00ebt pastaj p\u00ebrpilojn\u00eb programe dhe kan\u00eb p\u00ebrgjegj\u00ebsin\u00eb e plot\u00eb p\u00ebr projektet, stafin, t\u00eb mirat e organizat\u00ebs.<\/p>   <ul class=\"list_items_box\">  <li class=\"list_items trans icons\"> <div class=\"l_box d_flex align-items-start\">  <div class=\"icon_box\">  <span class=\"risehand-check-circle1\"><\/span>  <\/div>  <div class=\"title_no_a_18\">Kuvendi i An\u00ebtar\u00ebve <\/div> <\/div> <\/li>  <\/ul>   <\/div> <\/div> <\/div> <\/div>  <div class=\"s_tab fade\" id=\"tabBoard\"> <div class=\"tab_content one align_left\"> <div class=\"d_flex align-items-center\">  <div class=\"content\">  <div class=\"title_no_a_36 mb_20\">Bordi drejtues\n<\/div>   <p class=\"mb_20\">N\u00eb menaxhim, organizata udh\u00ebhiqet dhe mbik\u00ebqyret nga Bordi drejtues q\u00eb p\u00ebrb\u00ebhet nga shtat\u00eb an\u00ebtar\u00eb dhe zgjidhet nga Kuvendi i An\u00ebtar\u00ebve. Bordi mban takimet e veta t\u00eb rregullta n\u00eb t\u00eb cilat analizon pun\u00ebn dhe prioritetet e organizat\u00ebs.\n<\/p>   <ul class=\"list_items_box\">  <li class=\"list_items trans icons\"> <div class=\"l_box d_flex align-items-start\">  <div class=\"icon_box\">  <span class=\"risehand-check-circle1\"><\/span>  <\/div>  <div class=\"title_no_a_18\">Kontakt p\u00ebr bordin: Luan Ibraj, luan.ibraj@gmail.com, 044 139 567 <\/div> <\/div> <\/li>  <\/ul>   <\/div> <\/div> <\/div> <\/div>  <div class=\"s_tab fade\" id=\"tabvisiontab\"> <div class=\"tab_content one align_right\"> <div class=\"d_flex align-items-center\">  <div class=\"content\">  <div class=\"title_no_a_36 mb_20\">Financat\n<\/div>   <p class=\"mb_20\">Syri i Vizionit financohet nga projektet q\u00eb realizohen me partner\u00eb dhe donator\u00eb, nga t\u00eb hyrat vetanake, sh\u00ebrbimet dhe format tjera t\u00eb financimit. Shumica e donator\u00ebve q\u00eb financojn\u00eb projektet tona jan\u00eb organizata nd\u00ebrkomb\u00ebtare, e n\u00eb raste t\u00eb ve\u00e7anta ka participim edhe nga institucionet vendore dhe sektori privat.\nOrganizata ka rregullore t\u00eb prokurimit e cila rregullon  funksionimin e financave t\u00eb organizat\u00ebs. \n\n\nAuditimi i jasht\u00ebm i organizat\u00ebs b\u00ebhet p\u00ebr \u00e7do vit fiskal. Auditimet jan\u00eb t\u00eb kompletuara duke filluar nga viti 2004 dhe jan\u00eb b\u00ebr\u00eb rregullisht p\u00ebrgjat\u00eb viteve tjera n\u00eb vazhdim.<\/p>   <ul class=\"list_items_box\">  <li class=\"list_items trans icons\"> <div class=\"l_box d_flex align-items-start\">  <div class=\"icon_box\">  <span class=\"risehand-check-circle1\"><\/span>  <\/div>  <div class=\"title_no_a_18\">Financat <\/div> <\/div> <\/li>  <\/ul>   <\/div> <\/div> <\/div> <\/div>  <div class=\"s_tab fade\" id=\"tabmissiontab\"> <div class=\"tab_content one align_right\"> <div class=\"d_flex align-items-center\">  <div class=\"content\">  <div class=\"title_no_a_36 mb_20\">Stafi dhe Vullnetar\u00ebt\n<\/div>   <p class=\"mb_20\">N\u00eb nivelin organizativ, OJQ Syri i Vizionit ka t\u00eb pun\u00ebsuar n\u00ebp\u00ebr projekte rreth 15 persona, shumica e t\u00eb cil\u00ebve kan\u00eb p\u00ebrgjegj\u00ebsi t\u00eb caktuara p\u00ebr projekte specifike.\n\nKy ekip punues p\u00ebrkrahet nga nj\u00eb grup kryesor i 40 t\u00eb rinjve vullnetar\u00eb t\u00eb trajnuar nga organizata jon\u00eb dhe aktivist\u00eb t\u00eb komunitetit, q\u00eb sh\u00ebrbejn\u00eb n\u00eb aktivitete t\u00eb caktuara n\u00eb l\u00ebmin e avokimit, shp\u00ebrndarjen e informative dhe rritjen e vet\u00ebdijes.  \n\nNd\u00ebrsa lista e gjer\u00eb e vullnetar\u00ebve me mbi 300 persona koh\u00eb pas kohe angazhohen n\u00eb projekte t\u00eb ndryshme si v\u00ebzhgues n\u00eb monitorimin e zgjedhjeve, anketues, etj.<\/p>   <ul class=\"list_items_box\">  <li class=\"list_items trans icons\"> <div class=\"l_box d_flex align-items-start\">  <div class=\"icon_box\">  <span class=\"risehand-check-circle1\"><\/span>  <\/div>  <div class=\"title_no_a_18\">Stafi &amp; Vullnetar\u00ebt <\/div> <\/div> <\/li>  <\/ul>   <\/div> <\/div> <\/div> <\/div>  <\/div> <\/div> <\/div> <\/section> \n\t\t<\/div>\n\t\t\t\t<\/div>\n\t\t\t\t\t<\/div>\n\t\t<\/div>\n\t\t\t\t\t<\/div>\n\t\t<\/section>\n\t\t\t\t<section class=\"elementor-section elementor-top-section elementor-element elementor-element-16f41d9 elementor-section-boxed elementor-section-height-default elementor-section-height-default\" data-id=\"16f41d9\" data-element_type=\"section\">\n\t\t\t\t\t\t<div class=\"elementor-container elementor-column-gap-default\">\n\t\t\t\t\t<div class=\"elementor-column elementor-col-100 elementor-top-column elementor-element elementor-element-472df42\" data-id=\"472df42\" data-element_type=\"column\">\n\t\t\t<div class=\"elementor-widget-wrap\">\n\t\t\t\t\t\t\t<\/div>\n\t\t<\/div>\n\t\t\t\t\t<\/div>\n\t\t<\/section>\n\t\t\t\t<\/div>","protected":false},"excerpt":{"rendered":"<p>Managemenet Assembly of Members Governing Board Finances Staff and Volunteers Organizational structure is composed of: Assembly of members Governing Board Management Executive Director: Veton Mujaj, Email: veton.mujaj@syriivizionit.org, Phone 044 111 [&hellip;]<\/p>","protected":false},"author":1,"featured_media":0,"parent":0,"menu_order":0,"comment_status":"closed","ping_status":"closed","template":"template-fullwidth.php","meta":{"_acf_changed":false,"footnotes":""},"class_list":["post-2967","page","type-page","status-publish","hentry"],"acf":[],"_links":{"self":[{"href":"https:\/\/syriivizionit.org\/sq\/wp-json\/wp\/v2\/pages\/2967","targetHints":{"allow":["GET"]}}],"collection":[{"href":"https:\/\/syriivizionit.org\/sq\/wp-json\/wp\/v2\/pages"}],"about":[{"href":"https:\/\/syriivizionit.org\/sq\/wp-json\/wp\/v2\/types\/page"}],"author":[{"embeddable":true,"href":"https:\/\/syriivizionit.org\/sq\/wp-json\/wp\/v2\/users\/1"}],"replies":[{"embeddable":true,"href":"https:\/\/syriivizionit.org\/sq\/wp-json\/wp\/v2\/comments?post=2967"}],"version-history":[{"count":63,"href":"https:\/\/syriivizionit.org\/sq\/wp-json\/wp\/v2\/pages\/2967\/revisions"}],"predecessor-version":[{"id":14220,"href":"https:\/\/syriivizionit.org\/sq\/wp-json\/wp\/v2\/pages\/2967\/revisions\/14220"}],"wp:attachment":[{"href":"https:\/\/syriivizionit.org\/sq\/wp-json\/wp\/v2\/media?parent=2967"}],"curies":[{"name":"wp","href":"https:\/\/api.w.org\/{rel}","templated":true}]}}