{"id":2975,"date":"2024-01-19T07:14:18","date_gmt":"2024-01-19T07:14:18","guid":{"rendered":"https:\/\/themepanthers.com\/wp\/risehand\/el\/?page_id=2975"},"modified":"2024-05-13T15:28:33","modified_gmt":"2024-05-13T13:28:33","slug":"programs","status":"publish","type":"page","link":"https:\/\/syriivizionit.org\/sq\/programs\/","title":{"rendered":"Programet"},"content":{"rendered":"<div data-elementor-type=\"wp-page\" data-elementor-id=\"2975\" class=\"elementor elementor-2975\" data-elementor-post-type=\"page\">\n\t\t\t\t<div class=\"elementor-element elementor-element-267bbf6 e-flex e-con-boxed e-con e-parent\" data-id=\"267bbf6\" data-element_type=\"container\">\n\t\t\t\t\t<div class=\"e-con-inner\">\n\t\t\t\t<div class=\"elementor-element elementor-element-c4e52bc elementor-widget elementor-widget-risehand-service-post-v1\" data-id=\"c4e52bc\" data-element_type=\"widget\" data-widget_type=\"risehand-service-post-v1.default\">\n\t\t\t\t<div class=\"elementor-widget-container\">\n\t\t\t<section class=\"service_post_section  excerpt_enable\"> <div class=\"row\">      <div class=\"col-xl-3 col-lg-4 col-md-6 col-sm-6\"> <div class=\"service-style_1 with_img mb_40 no_images\">  <div class=\"content_box_outer\">   <div class=\"icon trans\"> <div class=\"spattern_bg mask_image\" style=\"mask-image: url(https:\/\/syriivizionit.org\/wp-content\/plugins\/risehand-addons\/assets\/image\/slider-2\/mask-1.png); -webkit-mask-image: url(https:\/\/syriivizionit.org\/wp-content\/plugins\/risehand-addons\/assets\/image\/slider-2\/mask-1.png);\"> <\/div> <i class=\"risehand-023-open-book trans\"><\/i> <\/div>   <div class=\"title_no_a_24 mb_15\">Demokratizimi<\/div>  <p class=\"mb_25 des_cription\">The domination of women and the degradation of the environment<\/p>  <div> <a class=\"text_btn trans\" href=\"https:\/\/syriivizionit.org\/sq\/programs\/program\/democratisation\/\"> <small>Read more<\/small> <\/a> <\/div> <\/div><\/div>\n <\/div>       <div class=\"col-xl-3 col-lg-4 col-md-6 col-sm-6\"> <div class=\"service-style_1 with_img mb_40 no_images\">  <div class=\"content_box_outer\">   <div class=\"icon trans\"> <div class=\"spattern_bg mask_image\" style=\"mask-image: url(https:\/\/syriivizionit.org\/wp-content\/plugins\/risehand-addons\/assets\/image\/slider-2\/mask-1.png); -webkit-mask-image: url(https:\/\/syriivizionit.org\/wp-content\/plugins\/risehand-addons\/assets\/image\/slider-2\/mask-1.png);\"> <\/div> <i class=\"risehand-021-globe trans\"><\/i> <\/div>   <div class=\"title_no_a_24 mb_15\">Nd\u00ebrtimi i paqes<\/div>  <p class=\"mb_25 des_cription\">The domination of women and the degradation of the environment<\/p>  <div> <a class=\"text_btn trans\" href=\"https:\/\/syriivizionit.org\/sq\/programs\/program\/program-peace-building\/\"> <small>Read more<\/small> <\/a> <\/div> <\/div><\/div>\n <\/div>       <div class=\"col-xl-3 col-lg-4 col-md-6 col-sm-6\"> <div class=\"service-style_1 with_img mb_40 no_images\">  <div class=\"content_box_outer\">   <div class=\"icon trans\"> <div class=\"spattern_bg mask_image\" style=\"mask-image: url(https:\/\/syriivizionit.org\/wp-content\/plugins\/risehand-addons\/assets\/image\/slider-2\/mask-1.png); -webkit-mask-image: url(https:\/\/syriivizionit.org\/wp-content\/plugins\/risehand-addons\/assets\/image\/slider-2\/mask-1.png);\"> <\/div> <i class=\"risehand-028-ecology-and-environment trans\"><\/i> <\/div>   <div class=\"title_no_a_24 mb_15\">Ambienti<\/div>  <p class=\"mb_25 des_cription\">The domination of women and the degradation of the environment<\/p>  <div> <a class=\"text_btn trans\" href=\"https:\/\/syriivizionit.org\/sq\/programs\/program\/environment\/\"> <small>Read more<\/small> <\/a> <\/div> <\/div><\/div>\n <\/div>       <div class=\"col-xl-3 col-lg-4 col-md-6 col-sm-6\"> <div class=\"service-style_1 with_img mb_40 no_images\">  <div class=\"content_box_outer\">   <div class=\"icon trans\"> <div class=\"spattern_bg mask_image\" style=\"mask-image: url(https:\/\/syriivizionit.org\/wp-content\/plugins\/risehand-addons\/assets\/image\/slider-2\/mask-1.png); -webkit-mask-image: url(https:\/\/syriivizionit.org\/wp-content\/plugins\/risehand-addons\/assets\/image\/slider-2\/mask-1.png);\"> <\/div> <i class=\"risehand-tree-structure-fill trans\"><\/i> <\/div>   <div class=\"title_no_a_24 mb_15\">Mobiliteti Urban<\/div>  <p class=\"mb_25 des_cription\">The domination of women and the degradation of the environment<\/p>  <div> <a class=\"text_btn trans\" href=\"https:\/\/syriivizionit.org\/sq\/programs\/program\/urban-mobility\/\"> <small>Read more<\/small> <\/a> <\/div> <\/div><\/div>\n <\/div>       <div class=\"col-xl-3 col-lg-4 col-md-6 col-sm-6\"> <div class=\"service-style_1 with_img mb_40 no_images\">  <div class=\"content_box_outer\">   <div class=\"icon trans\"> <div class=\"spattern_bg mask_image\" style=\"mask-image: url(https:\/\/syriivizionit.org\/wp-content\/plugins\/risehand-addons\/assets\/image\/slider-2\/mask-1.png); -webkit-mask-image: url(https:\/\/syriivizionit.org\/wp-content\/plugins\/risehand-addons\/assets\/image\/slider-2\/mask-1.png);\"> <\/div> <i class=\"risehand-002-healthcare trans\"><\/i> <\/div>   <div class=\"title_no_a_24 mb_15\">Zhvillimi Ekonomik<\/div>  <p class=\"mb_25 des_cription\">The domination of women and the degradation of the environment<\/p>  <div> <a class=\"text_btn trans\" href=\"https:\/\/syriivizionit.org\/sq\/programs\/program\/economic-development\/\"> <small>Read more<\/small> <\/a> <\/div> <\/div><\/div>\n <\/div>       <div class=\"col-xl-3 col-lg-4 col-md-6 col-sm-6\"> <div class=\"service-style_1 with_img mb_40 no_images\">  <div class=\"content_box_outer\">   <div class=\"icon trans\"> <div class=\"spattern_bg mask_image\" style=\"mask-image: url(https:\/\/syriivizionit.org\/wp-content\/plugins\/risehand-addons\/assets\/image\/slider-2\/mask-1.png); -webkit-mask-image: url(https:\/\/syriivizionit.org\/wp-content\/plugins\/risehand-addons\/assets\/image\/slider-2\/mask-1.png);\"> <\/div> <i class=\"risehand-010-save trans\"><\/i> <\/div>   <div class=\"title_no_a_24 mb_15\">Dialogu Social<\/div>  <p class=\"mb_25 des_cription\">The domination of women and the degradation of the environment<\/p>  <div> <a class=\"text_btn trans\" href=\"https:\/\/syriivizionit.org\/sq\/programs\/program\/social-dialogue\/\"> <small>Read more<\/small> <\/a> <\/div> <\/div><\/div>\n <\/div>       <div class=\"col-xl-3 col-lg-4 col-md-6 col-sm-6\"> <div class=\"service-style_1 with_img mb_40 no_images\">  <div class=\"content_box_outer\">   <div class=\"icon trans\"> <div class=\"spattern_bg mask_image\" style=\"mask-image: url(https:\/\/syriivizionit.org\/wp-content\/plugins\/risehand-addons\/assets\/image\/slider-2\/mask-1.png); -webkit-mask-image: url(https:\/\/syriivizionit.org\/wp-content\/plugins\/risehand-addons\/assets\/image\/slider-2\/mask-1.png);\"> <\/div> <i class=\"risehand-medal-1 trans\"><\/i> <\/div>   <div class=\"title_no_a_24 mb_15\">Rrjet\u00ebzimi Nd\u00ebrkomb\u00ebtar<\/div>  <p class=\"mb_25 des_cription\">The domination of women and the degradation of the environment<\/p>  <div> <a class=\"text_btn trans\" href=\"https:\/\/syriivizionit.org\/sq\/programs\/program\/international-networking\/\"> <small>Read more<\/small> <\/a> <\/div> <\/div><\/div>\n <\/div>     <\/div>  <div class=\"row\"> <div class=\"col-lg-12\"> <div class=\"pagination center\">  <\/div> <\/div> <\/div>  <\/section>\n\t\t<\/div>\n\t\t\t\t<\/div>\n\t\t\t\t\t<\/div>\n\t\t\t\t<\/div>\n\t\t\t\t<\/div>","protected":false},"excerpt":{"rendered":"<p>DemocratisationThe domination of women and the degradation of the environment Read more Peace Bulding A voluntary act of an individual or group freely giving time and labor, Read more<\/p>","protected":false},"author":1,"featured_media":0,"parent":0,"menu_order":0,"comment_status":"closed","ping_status":"closed","template":"template-fullwidth.php","meta":{"_acf_changed":false,"footnotes":""},"class_list":["post-2975","page","type-page","status-publish","hentry"],"acf":[],"_links":{"self":[{"href":"https:\/\/syriivizionit.org\/sq\/wp-json\/wp\/v2\/pages\/2975","targetHints":{"allow":["GET"]}}],"collection":[{"href":"https:\/\/syriivizionit.org\/sq\/wp-json\/wp\/v2\/pages"}],"about":[{"href":"https:\/\/syriivizionit.org\/sq\/wp-json\/wp\/v2\/types\/page"}],"author":[{"embeddable":true,"href":"https:\/\/syriivizionit.org\/sq\/wp-json\/wp\/v2\/users\/1"}],"replies":[{"embeddable":true,"href":"https:\/\/syriivizionit.org\/sq\/wp-json\/wp\/v2\/comments?post=2975"}],"version-history":[{"count":17,"href":"https:\/\/syriivizionit.org\/sq\/wp-json\/wp\/v2\/pages\/2975\/revisions"}],"predecessor-version":[{"id":8868,"href":"https:\/\/syriivizionit.org\/sq\/wp-json\/wp\/v2\/pages\/2975\/revisions\/8868"}],"wp:attachment":[{"href":"https:\/\/syriivizionit.org\/sq\/wp-json\/wp\/v2\/media?parent=2975"}],"curies":[{"name":"wp","href":"https:\/\/api.w.org\/{rel}","templated":true}]}}