{"id":8008,"date":"2024-05-08T14:40:33","date_gmt":"2024-05-08T12:40:33","guid":{"rendered":"https:\/\/syrivizionit.org\/?page_id=8008"},"modified":"2024-07-22T15:30:52","modified_gmt":"2024-07-22T13:30:52","slug":"about-us-internal","status":"publish","type":"page","link":"https:\/\/syriivizionit.org\/sq\/about-us-internal\/","title":{"rendered":"about US internal"},"content":{"rendered":"<div data-elementor-type=\"wp-page\" data-elementor-id=\"8008\" class=\"elementor elementor-8008\" data-elementor-post-type=\"page\">\n\t\t\t\t<div class=\"elementor-element elementor-element-32d0a4b2 e-flex e-con-boxed e-con e-parent\" data-id=\"32d0a4b2\" data-element_type=\"container\">\n\t\t\t\t\t<div class=\"e-con-inner\">\n\t\t\t\t<div class=\"elementor-element elementor-element-1b756368 elementor-widget elementor-widget-text-editor\" data-id=\"1b756368\" data-element_type=\"widget\" data-widget_type=\"text-editor.default\">\n\t\t\t\t<div class=\"elementor-widget-container\">\n\t\t\t\t\t\t\t<h1 class=\"main-heading\">P\u00ebr Ne<\/h1><p><img decoding=\"async\" class=\"wp-image-16289 alignleft\" src=\"https:\/\/syriivizionit.org\/wp-content\/uploads\/2024\/07\/syri-i-vizionit-300x166.jpg\" alt=\"\" width=\"188\" height=\"104\" srcset=\"https:\/\/syriivizionit.org\/wp-content\/uploads\/2024\/07\/syri-i-vizionit-300x166.jpg 300w, https:\/\/syriivizionit.org\/wp-content\/uploads\/2024\/07\/syri-i-vizionit-1024x568.jpg 1024w, https:\/\/syriivizionit.org\/wp-content\/uploads\/2024\/07\/syri-i-vizionit-768x426.jpg 768w, https:\/\/syriivizionit.org\/wp-content\/uploads\/2024\/07\/syri-i-vizionit-18x10.jpg 18w, https:\/\/syriivizionit.org\/wp-content\/uploads\/2024\/07\/syri-i-vizionit.jpg 1055w\" sizes=\"(max-width: 188px) 100vw, 188px\" \/>Organizata \u201cSyri i Vizionit\u201d e regjistruar zyrtarisht si OJQ lokale n\u00eb shtator t\u00eb vitit 2001, filloi t\u00eb funksionoj\u00eb q\u00eb n\u00eb vitin 1999 si Organizat\u00eb me Baz\u00eb Komuniteti (OQK) n\u00eb qytetin e Pej\u00ebs p\u00ebr t\u00eb koordinuar botimin dhe botimin e nj\u00eb Reviste Rinore n\u00eb Kosov\u00eb, me mb\u00ebshtetjen financiare t\u00eb USAID-it. Q\u00eb nga themelimi i saj, OJQ \u201cSyri i Vizionit\u201d ka fituar profesionaliz\u00ebm p\u00ebrmes zbatimit t\u00eb spektrit t\u00eb madh t\u00eb projekteve shum\u00ebplan\u00ebshe, duke u d\u00ebshmuar si nj\u00eb aktor i mir\u00ebfillt\u00eb i Shoq\u00ebris\u00eb Civile n\u00eb Kosov\u00eb.<\/p><p>Gjat\u00eb viteve t\u00eb fundit, OJQ \u201cSyri i Vizionit\u201d ka zhvilluar partneritete t\u00eb shumta me nj\u00eb gam\u00eb t\u00eb gjer\u00eb t\u00eb organizatave komb\u00ebtare dhe nd\u00ebrkomb\u00ebtare, komunave dhe pal\u00ebve t\u00eb tjera t\u00eb interesuara n\u00eb mbar\u00eb Kosov\u00ebn dhe n\u00eb Ballkan (USAID, IREX, DRC, CARE international, OSBE, Olof Palme , Ndihma e Pun\u00ebs Zvicerane...)<\/p><h2>Misioni &amp; Vizioni<\/h2><p>OJQ \u201cSyri i Vizionit\u201d synon kryesisht promovimin e demokracis\u00eb lokale dhe pjes\u00ebmarrjen e qytetar\u00ebve n\u00eb Kosov\u00eb, n\u00eb radh\u00eb t\u00eb par\u00eb n\u00eb rajonin e Pej\u00ebs. N\u00eb p\u00ebrpjekjet e saj t\u00eb vazhdueshme p\u00ebr zbatimin e praktikave demokratike, OJQ \u201cSyri i Vizionit\u201d i kushton nj\u00eb theks t\u00eb ve\u00e7ant\u00eb promovimit t\u00eb qeverisjes s\u00eb mir\u00eb, llogaridh\u00ebnies, transparenc\u00ebs dhe pjes\u00ebmarrjes n\u00eb sfera t\u00eb shumta t\u00eb jet\u00ebs qytetare.<\/p><p>N\u00eb praktik\u00eb, \u00e7do projekt i zbatuar nga OJQ \u201cSyri i Vizionit\u201d synon t\u00eb krijoj\u00eb lidhje t\u00eb q\u00ebndrueshme nd\u00ebrmjet autoriteteve komunale dhe aktor\u00ebve t\u00eb shoq\u00ebris\u00eb civile n\u00eb nivel institucional dhe\/ose individual.<\/p><h2>Objektivat programatike:<\/h2><p><strong>Q\u00eb nga fillimi, OJQ \u201cSyri i Vizionit\u201d e ka artikuluar pun\u00ebn e saj rreth objektivave specifike:<\/strong><\/p><ul><li>zhvillimi i ofrimit dhe shp\u00ebrndarjes s\u00eb informacionit t\u00eb besuesh\u00ebm dhe t\u00eb testuar p\u00ebr qytetar\u00ebt;<\/li><li>p\u00ebr t\u00eb promovuar nd\u00ebrgjegj\u00ebsimin e publikut p\u00ebr \u00e7\u00ebshtje thelb\u00ebsore ose\/ose urgjente shoq\u00ebrore n\u00eb mesin e nj\u00eb publiku m\u00eb t\u00eb gjer\u00eb n\u00ebp\u00ebrmjet veprimeve nd\u00ebrgjegj\u00ebsuese;<\/li><li>t'i pajis qytetar\u00ebt me aft\u00ebsi t\u00eb mjaftueshme avokuese, lobuese dhe rrjet\u00ebzimi p\u00ebr t\u00eb ushtruar t\u00eb drejtat e tyre themelore dhe p\u00ebr t\u00eb sfiduar institucionet qeveritare.<\/li><\/ul><p>N\u00eb p\u00ebrputhje me k\u00ebto objektiva, OJQ \u201cSyri i Vizionit\u201d ka nd\u00ebrhyr\u00eb n\u00eb sektor\u00eb t\u00eb larmish\u00ebm t\u00eb shoq\u00ebris\u00eb civile q\u00eb nga viti 1999 dhe ka trajtuar nj\u00eb s\u00ebr\u00eb temash: zhvillimi i medias, promovimi i t\u00eb drejtave t\u00eb pakicave, mb\u00ebshtetja p\u00ebr kthimin dhe riintegrimi i PZHBV-ve dhe refugjat\u00ebve, monitorimi. i institucioneve komunale, rrjet\u00ebzimi i t\u00eb rinjve n\u00eb fush\u00ebn e nd\u00ebrtimit t\u00eb paqes, planifikimit urban etj.<\/p><p>N\u00eb nivel organizativ, OJQ \u201cSyri i Vizionit\u201d aktualisht pun\u00ebson gjithsej dhjet\u00eb staf t\u00eb p\u00ebrhersh\u00ebm, shumica e t\u00eb cil\u00ebve t\u00eb caktuar n\u00eb projekte t\u00eb ve\u00e7anta. Ky ekip punues mb\u00ebshtetet nga nj\u00eb grup thelb\u00ebsor prej dyzet t\u00eb rinjsh t\u00eb shoq\u00ebris\u00eb civile dhe aktivist\u00ebve t\u00eb komunitetit p\u00ebr veprime specifike n\u00eb fush\u00ebn e avokimit, shp\u00ebrndarjes s\u00eb informacionit dhe nd\u00ebrgjegj\u00ebsimit.<\/p><p>N\u00eb nivel menaxherial, puna dhe strategjia e p\u00ebrditshme e OJQ-s\u00eb udh\u00ebhiqet dhe mbik\u00ebqyret nga nj\u00eb Bord Drejtor i p\u00ebrb\u00ebr\u00eb nga n\u00ebnt\u00eb an\u00ebtar\u00eb. Ky Bord takohet n\u00eb baza t\u00eb rregullta me pjes\u00ebmarrjen aktive t\u00eb stafit kryesor.<\/p><p>Si\u00e7 u tha m\u00eb lart, OJQ \u201cSyri i Vizionit\u201d ka nj\u00eb p\u00ebrvoj\u00eb t\u00eb gjat\u00eb n\u00eb bashk\u00ebpunimin nd\u00ebrkomb\u00ebtar p\u00ebr zhvillim me nj\u00eb rekord projekti t\u00eb d\u00ebshmuar dhe t\u00eb gjer\u00eb. Burimet e saj t\u00eb financimit jan\u00eb t\u00eb larmishme: gjat\u00eb vitit 2006, OJQ-ja \u201cSyri i Vizionit\u201d ka aksesuar mbi 160,000 euro financim direkt nga donator\u00eb t\u00eb ndrysh\u00ebm nd\u00ebrkomb\u00ebtar\u00eb dhe komb\u00ebtar\u00eb si K\u00ebshilli Danez p\u00ebr Refugjat\u00ebt (DRC), USAID-RTI, One World. Q\u00eb nga janari 2007, ajo tashm\u00eb ka siguruar financim n\u00eb shum\u00ebn prej 139,000 EUR me mb\u00ebshtetjen e DRC, Care International dhe projektit ATRC-IREX t\u00eb financuar nga USAID.<\/p><p>Q\u00eb nga viti 2003, OJQ-ja \u00ebsht\u00eb nj\u00eb nga partner\u00ebt zyrtar\u00eb t\u00eb One World Web Portal p\u00ebr Evrop\u00ebn Juglindore dhe pika qendrore e caktuar p\u00ebr \u00e7do botim n\u00eb gjuh\u00ebn shqipe. Kjo faqe \u00ebsht\u00eb nj\u00eb platform\u00eb unike e bashk\u00ebpunimit rajonal dhe shk\u00ebmbimit t\u00eb informacionit nd\u00ebrmjet qytetar\u00ebve dhe organizatave t\u00eb shoq\u00ebris\u00eb civile p\u00ebr nj\u00eb gam\u00eb t\u00eb gjer\u00eb \u00e7\u00ebshtjesh. Ai mbledh shtat\u00eb OJQ aktive n\u00eb fush\u00ebn e medias dhe informacionit n\u00ebn kujdesin e nj\u00eb fondacioni rajonal t\u00eb themeluar n\u00eb 2003.<\/p><p>Q\u00eb nga viti 2004, OJQ \u201cSyri i Vizionit\u201d u b\u00eb an\u00ebtare aktive e Programit t\u00eb Iniciativ\u00ebs Kosovare (KIP), nj\u00eb rrjet joformal nd\u00ebrkufitar i OJQ-ve lokale, i themeluar n\u00ebn kujdesin e K\u00ebshillit Danez p\u00ebr Refugjat\u00ebt (DRC) n\u00eb mb\u00ebshtetje t\u00eb kthimi dhe riintegrimi i refugjat\u00ebve dhe t\u00eb zhvendosurve n\u00eb Kosov\u00eb. N\u00eb k\u00ebt\u00eb kuad\u00ebr, OJQ \u201cSyri i Vizionit\u201d bashk\u00ebpunoi me OJQ-t\u00eb serbe dhe malazeze dhe zbatoi mbi dhjet\u00eb projekte p\u00ebr nj\u00eb buxhet total q\u00eb tejkalon 200,000 euro deri m\u00eb sot.<\/p><p>OJQ \u201cSyri i Vizionit\u201d luan nj\u00eb rol aktiv n\u00eb fush\u00ebn e rrjet\u00ebzimit t\u00eb t\u00eb rinjve dhe nd\u00ebrtimit t\u00eb paqes n\u00eb nivel rajonal: n\u00eb Bordin e Rrjetit Rinor t\u00eb Kosov\u00ebs p\u00ebr vite me radh\u00eb dhe \u00ebsht\u00eb an\u00ebtare themeluese dhe aktive e rrjetit rinor multietnik t\u00eb Pej\u00ebs q\u00eb nga viti. 2002.<\/p><p>Organizata merr pjes\u00eb aktive n\u00eb iniciativat e tjera t\u00eb rrjet\u00ebzimit mbi baz\u00ebn e projektit si\u00e7 \u00ebsht\u00eb Platforma ProPeace e lansuar n\u00eb Kosov\u00eb me pjes\u00ebmarrjen e OJQ-ve lokale n\u00eb vitin 2005, Koalicioni p\u00ebr Parlament t\u00eb Past\u00ebr dhe Koalicioni p\u00ebr Bashk\u00ebpunim nd\u00ebrmjet Shoq\u00ebris\u00eb Civile dhe Qeveris\u00eb.<\/p>\t\t\t\t\t\t<\/div>\n\t\t\t\t<\/div>\n\t\t\t\t\t<\/div>\n\t\t\t\t<\/div>\n\t\t\t\t<\/div>","protected":false},"excerpt":{"rendered":"<p>About Us The organization \u201dSyri i Vizionit\u201d officially registered as a local NGO in September 2001, started operating as early as 1999 as a Community-Based Organization (CBO) in the city [&hellip;]<\/p>","protected":false},"author":1,"featured_media":0,"parent":0,"menu_order":0,"comment_status":"closed","ping_status":"closed","template":"","meta":{"_acf_changed":false,"footnotes":""},"class_list":["post-8008","page","type-page","status-publish","hentry"],"acf":[],"_links":{"self":[{"href":"https:\/\/syriivizionit.org\/sq\/wp-json\/wp\/v2\/pages\/8008","targetHints":{"allow":["GET"]}}],"collection":[{"href":"https:\/\/syriivizionit.org\/sq\/wp-json\/wp\/v2\/pages"}],"about":[{"href":"https:\/\/syriivizionit.org\/sq\/wp-json\/wp\/v2\/types\/page"}],"author":[{"embeddable":true,"href":"https:\/\/syriivizionit.org\/sq\/wp-json\/wp\/v2\/users\/1"}],"replies":[{"embeddable":true,"href":"https:\/\/syriivizionit.org\/sq\/wp-json\/wp\/v2\/comments?post=8008"}],"version-history":[{"count":4,"href":"https:\/\/syriivizionit.org\/sq\/wp-json\/wp\/v2\/pages\/8008\/revisions"}],"predecessor-version":[{"id":16544,"href":"https:\/\/syriivizionit.org\/sq\/wp-json\/wp\/v2\/pages\/8008\/revisions\/16544"}],"wp:attachment":[{"href":"https:\/\/syriivizionit.org\/sq\/wp-json\/wp\/v2\/media?parent=8008"}],"curies":[{"name":"wp","href":"https:\/\/api.w.org\/{rel}","templated":true}]}}