{"id":8355,"date":"2024-05-12T22:35:43","date_gmt":"2024-05-12T20:35:43","guid":{"rendered":"https:\/\/syrivizionit.org\/?page_id=8355"},"modified":"2024-07-22T10:00:35","modified_gmt":"2024-07-22T08:00:35","slug":"register","status":"publish","type":"page","link":"https:\/\/syriivizionit.org\/sq\/register\/","title":{"rendered":"Regjistrohu"},"content":{"rendered":"<div data-elementor-type=\"wp-page\" data-elementor-id=\"8355\" class=\"elementor elementor-8355\" data-elementor-post-type=\"page\">\n\t\t\t\t<div class=\"elementor-element elementor-element-2cbc3d4 e-flex e-con-boxed e-con e-parent\" data-id=\"2cbc3d4\" data-element_type=\"container\">\n\t\t\t\t\t<div class=\"e-con-inner\">\n\t\t\t\t<div class=\"elementor-element elementor-element-6a03d43 elementor-headline--style-highlight elementor-widget elementor-widget-animated-headline\" data-id=\"6a03d43\" data-element_type=\"widget\" data-settings=\"{&quot;marker&quot;:&quot;double_underline&quot;,&quot;highlighted_text&quot;:&quot;Volunteers and Members&quot;,&quot;headline_style&quot;:&quot;highlight&quot;,&quot;highlight_animation_duration&quot;:1200}\" data-widget_type=\"animated-headline.default\">\n\t\t\t\t<div class=\"elementor-widget-container\">\n\t\t\t\t\t<h3 class=\"elementor-headline\">\n\t\t\t\t\t<span class=\"elementor-headline-plain-text elementor-headline-text-wrapper\">Thirrje p\u00ebr<\/span>\n\t\t\t\t<span class=\"elementor-headline-dynamic-wrapper elementor-headline-text-wrapper\">\n\t\t\t\t\t<span class=\"elementor-headline-dynamic-text elementor-headline-text-active\">Vullnetar\u00eb dhe An\u00ebtar\u00eb<\/span>\n\t\t\t\t<\/span>\n\t\t\t\t<\/h3>\n\t\t\t\t<\/div>\n\t\t\t\t<\/div>\n\t\t\t\t\t<\/div>\n\t\t\t\t<\/div>\n\t\t<div class=\"elementor-element elementor-element-4ffdda1 e-flex e-con-boxed e-con e-parent\" data-id=\"4ffdda1\" data-element_type=\"container\">\n\t\t\t\t\t<div class=\"e-con-inner\">\n\t\t<div class=\"elementor-element elementor-element-c80b821 e-con-full e-flex e-con e-child\" data-id=\"c80b821\" data-element_type=\"container\" data-settings=\"{&quot;background_background&quot;:&quot;classic&quot;}\">\n\t\t\t\t<div class=\"elementor-element elementor-element-b2bb90c elementor-view-framed elementor-shape-circle elementor-position-top elementor-mobile-position-top elementor-widget elementor-widget-icon-box\" data-id=\"b2bb90c\" data-element_type=\"widget\" data-widget_type=\"icon-box.default\">\n\t\t\t\t<div class=\"elementor-widget-container\">\n\t\t\t\t\t<div class=\"elementor-icon-box-wrapper\">\n\n\t\t\t\t\t\t<div class=\"elementor-icon-box-icon\">\n\t\t\t\t<span  class=\"elementor-icon elementor-animation-\">\n\t\t\t\t<i aria-hidden=\"true\" class=\"fas fa-hands-helping\"><\/i>\t\t\t\t<\/span>\n\t\t\t<\/div>\n\t\t\t\n\t\t\t\t\t\t<div class=\"elementor-icon-box-content\">\n\n\t\t\t\t\t\t\t\t\t<h3 class=\"elementor-icon-box-title\">\n\t\t\t\t\t\t<span  >\n\t\t\t\t\t\t\tB\u00ebhu Vullnetar\t\t\t\t\t\t<\/span>\n\t\t\t\t\t<\/h3>\n\t\t\t\t\n\t\t\t\t\t\t\t\t\t<p class=\"elementor-icon-box-description\">\n\t\t\t\t\t\tRegjistrohu si vullnetar dhe b\u00ebhu pjes\u00eb e nj\u00eb grupi t\u00eb p\u00ebrkushtuar ndaj ndryshimeve pozitive, nj\u00eb hap m\u00eb af\u00ebr organizat\u00ebs son\u00eb.\t\t\t\t\t<\/p>\n\t\t\t\t\n\t\t\t<\/div>\n\t\t\t\n\t\t<\/div>\n\t\t\t\t<\/div>\n\t\t\t\t<\/div>\n\t\t\t\t<div class=\"elementor-element elementor-element-b5f1957 elementor-align-justify elementor-widget elementor-widget-button\" data-id=\"b5f1957\" data-element_type=\"widget\" data-widget_type=\"button.default\">\n\t\t\t\t<div class=\"elementor-widget-container\">\n\t\t\t\t\t<div class=\"elementor-button-wrapper\">\n\t\t\t<a class=\"elementor-button elementor-button-link elementor-size-sm\" href=\"https:\/\/syriivizionit.org\/sq\/register\/voulenteer-register\/\">\n\t\t\t\t\t\t<span class=\"elementor-button-content-wrapper\">\n\t\t\t\t\t\t\t\t\t<span class=\"elementor-button-text\">Apliko Tani<\/span>\n\t\t\t\t\t<\/span>\n\t\t\t\t\t<\/a>\n\t\t<\/div>\n\t\t\t\t<\/div>\n\t\t\t\t<\/div>\n\t\t\t\t<\/div>\n\t\t<div class=\"elementor-element elementor-element-9098478 e-con-full e-flex e-con e-child\" data-id=\"9098478\" data-element_type=\"container\" data-settings=\"{&quot;background_background&quot;:&quot;classic&quot;}\">\n\t\t\t\t<div class=\"elementor-element elementor-element-010493a elementor-view-framed elementor-shape-circle elementor-position-top elementor-mobile-position-top elementor-widget elementor-widget-icon-box\" data-id=\"010493a\" data-element_type=\"widget\" data-widget_type=\"icon-box.default\">\n\t\t\t\t<div class=\"elementor-widget-container\">\n\t\t\t\t\t<div class=\"elementor-icon-box-wrapper\">\n\n\t\t\t\t\t\t<div class=\"elementor-icon-box-icon\">\n\t\t\t\t<span  class=\"elementor-icon elementor-animation-\">\n\t\t\t\t<i aria-hidden=\"true\" class=\"far fa-address-card\"><\/i>\t\t\t\t<\/span>\n\t\t\t<\/div>\n\t\t\t\n\t\t\t\t\t\t<div class=\"elementor-icon-box-content\">\n\n\t\t\t\t\t\t\t\t\t<h3 class=\"elementor-icon-box-title\">\n\t\t\t\t\t\t<span  >\n\t\t\t\t\t\t\tB\u00ebhu An\u00ebtar\t\t\t\t\t\t<\/span>\n\t\t\t\t\t<\/h3>\n\t\t\t\t\n\t\t\t\t\t\t\t\t\t<p class=\"elementor-icon-box-description\">\n\t\t\t\t\t\tNe n\u00eb Syri i Vizioni kemi prioritet zbatimin e praktikave t\u00eb mira p\u00ebr t\u00eb ndryshuar vendin ton\u00eb p\u00ebr mir\u00eb. Bashkohuni me ne p\u00ebr t\u00eb b\u00ebr\u00eb nj\u00eb ndryshim!\t\t\t\t\t<\/p>\n\t\t\t\t\n\t\t\t<\/div>\n\t\t\t\n\t\t<\/div>\n\t\t\t\t<\/div>\n\t\t\t\t<\/div>\n\t\t\t\t<div class=\"elementor-element elementor-element-28f5457 elementor-align-justify elementor-widget elementor-widget-button\" data-id=\"28f5457\" data-element_type=\"widget\" data-widget_type=\"button.default\">\n\t\t\t\t<div class=\"elementor-widget-container\">\n\t\t\t\t\t<div class=\"elementor-button-wrapper\">\n\t\t\t<a class=\"elementor-button elementor-button-link elementor-size-sm\" href=\"https:\/\/syriivizionit.org\/sq\/register\/member-register\/\">\n\t\t\t\t\t\t<span class=\"elementor-button-content-wrapper\">\n\t\t\t\t\t\t\t\t\t<span class=\"elementor-button-text\">Apliko Tani<\/span>\n\t\t\t\t\t<\/span>\n\t\t\t\t\t<\/a>\n\t\t<\/div>\n\t\t\t\t<\/div>\n\t\t\t\t<\/div>\n\t\t\t\t<\/div>\n\t\t\t\t\t<\/div>\n\t\t\t\t<\/div>\n\t\t<div class=\"elementor-element elementor-element-732394f e-flex e-con-boxed e-con e-parent\" data-id=\"732394f\" data-element_type=\"container\" data-settings=\"{&quot;background_background&quot;:&quot;classic&quot;}\">\n\t\t\t\t\t<div class=\"e-con-inner\">\n\t\t\t\t<div class=\"elementor-element elementor-element-005c402 elementor-widget elementor-widget-text-editor\" data-id=\"005c402\" data-element_type=\"widget\" data-widget_type=\"text-editor.default\">\n\t\t\t\t<div class=\"elementor-widget-container\">\n\t\t\t\t\t\t\t<p>Syri i Vizioni \u00ebsht\u00eb nj\u00eb organizat\u00eb q\u00eb kryen veprime lokale bazuar n\u00eb praktikat m\u00eb t\u00eb mira. Misioni i Organizat\u00ebs \u00ebsht\u00eb t\u00eb mb\u00ebshtes\u00eb komunitetin p\u00ebrmes informimit, avokimit, nd\u00ebrgjegj\u00ebsimit dhe ngritjes s\u00eb kapaciteteve t\u00eb individ\u00ebve, grupeve joformale, organizatave, institucioneve, rrjeteve t\u00eb donator\u00ebve.<\/p><p>P\u00ebr t\u00eb arritur vizionin dhe misionin e m\u00ebsip\u00ebrm, Syri i Vizioni zbaton nj\u00eb qasje bashk\u00ebpunuese dhe t\u00eb hapur me partner\u00ebt, aksioner\u00ebt, p\u00ebrfituesit, an\u00ebtar\u00ebt si dhe vullnetar\u00ebt e shumt\u00eb t\u00eb saj.<\/p><p>Me zgjerimin e aktiviteteve dhe rritjen e vet\u00eb Organizat\u00ebs, ka lindur nevoja e sistemit dhe shtimit t\u00eb an\u00ebtar\u00ebve dhe vullnetar\u00ebve, prandaj u b\u00ebjm\u00eb thirrje njer\u00ebzve t\u00eb t\u00eb gjitha grupmoshave, me \u00e7far\u00ebdo aft\u00ebsie q\u00eb kan\u00eb, t\u00eb kontribuojn\u00eb n\u00eb nj\u00eb ndryshim i q\u00ebndruesh\u00ebm i vendit ku po jetojm\u00eb.<\/p><p>Bazuar n\u00eb vlerat e organizat\u00ebs, t\u00eb cilat nd\u00ebr t\u00eb tjera p\u00ebrfshijn\u00eb: Respektimin e t\u00eb gjith\u00ebve pa dallim; Puna n\u00eb grup dhe duke ndihmuar nj\u00ebri-tjetrin; Hap\u00ebsir\u00eb veprimi p\u00ebr vullnetar\u00eb; Besimi dhe llogaridh\u00ebnia, qasja bashk\u00ebpunuese dhe gjith\u00ebp\u00ebrfshirja, ju ftojm\u00eb t\u00eb aplikoni si Vullnetar ose An\u00ebtar i Organizat\u00ebs son\u00eb p\u00ebr t'u b\u00ebr\u00eb pjes\u00eb e ndryshimeve n\u00eb shoq\u00ebrin\u00eb ton\u00eb.<\/p>\t\t\t\t\t\t<\/div>\n\t\t\t\t<\/div>\n\t\t\t\t\t<\/div>\n\t\t\t\t<\/div>\n\t\t\t\t<\/div>","protected":false},"excerpt":{"rendered":"<p>Call for Volunteers and Members Become a Voulnteer Register as a volunteer and become part of a group dedicated to positive change, one step closer to our organization. Apply Now [&hellip;]<\/p>","protected":false},"author":1,"featured_media":0,"parent":0,"menu_order":0,"comment_status":"closed","ping_status":"closed","template":"elementor_header_footer","meta":{"_acf_changed":false,"footnotes":""},"class_list":["post-8355","page","type-page","status-publish","hentry"],"acf":[],"_links":{"self":[{"href":"https:\/\/syriivizionit.org\/sq\/wp-json\/wp\/v2\/pages\/8355","targetHints":{"allow":["GET"]}}],"collection":[{"href":"https:\/\/syriivizionit.org\/sq\/wp-json\/wp\/v2\/pages"}],"about":[{"href":"https:\/\/syriivizionit.org\/sq\/wp-json\/wp\/v2\/types\/page"}],"author":[{"embeddable":true,"href":"https:\/\/syriivizionit.org\/sq\/wp-json\/wp\/v2\/users\/1"}],"replies":[{"embeddable":true,"href":"https:\/\/syriivizionit.org\/sq\/wp-json\/wp\/v2\/comments?post=8355"}],"version-history":[{"count":58,"href":"https:\/\/syriivizionit.org\/sq\/wp-json\/wp\/v2\/pages\/8355\/revisions"}],"predecessor-version":[{"id":16457,"href":"https:\/\/syriivizionit.org\/sq\/wp-json\/wp\/v2\/pages\/8355\/revisions\/16457"}],"wp:attachment":[{"href":"https:\/\/syriivizionit.org\/sq\/wp-json\/wp\/v2\/media?parent=8355"}],"curies":[{"name":"wp","href":"https:\/\/api.w.org\/{rel}","templated":true}]}}