{"id":2962,"date":"2024-01-19T07:14:18","date_gmt":"2024-01-19T07:14:18","guid":{"rendered":"https:\/\/themepanthers.com\/wp\/risehand\/el\/?page_id=2962"},"modified":"2024-07-22T09:57:50","modified_gmt":"2024-07-22T07:57:50","slug":"about-us","status":"publish","type":"page","link":"https:\/\/syriivizionit.org\/sr\/about-us\/","title":{"rendered":"O Nama"},"content":{"rendered":"<div data-elementor-type=\"wp-page\" data-elementor-id=\"2962\" class=\"elementor elementor-2962\" data-elementor-post-type=\"page\">\n\t\t\t\t<div class=\"elementor-element elementor-element-0f23a39 e-flex e-con-boxed e-con e-parent\" data-id=\"0f23a39\" data-element_type=\"container\">\n\t\t\t\t\t<div class=\"e-con-inner\">\n\t\t<div class=\"elementor-element elementor-element-c5969c1 e-con-full e-flex e-con e-child\" data-id=\"c5969c1\" data-element_type=\"container\">\n\t\t\t\t<div class=\"elementor-element elementor-element-ec9d6e4 elementor-widget elementor-widget-risehand-title-v1\" data-id=\"ec9d6e4\" data-element_type=\"widget\" data-widget_type=\"risehand-title-v1.default\">\n\t\t\t\t<div class=\"elementor-widget-container\">\n\t\t\t<div class=\"title_all_box style_one dark_color\">   <div class=\"before_title pb_15 d_flex align-items-center\">  <div class=\"sub_title font_special\"> \n <\/div> <\/div>   <h2 class=\"title_no_a_46  mb_0 pb_20\">O Nama<\/h2>   <p class=\"desc_p\">Organizacija \u201dSyri i Vizionit\u201d zvani\u010dno registrovana kao lokalna NVO u septembru 2001. godine, po\u010dela je sa radom jo\u0161 1999. godine kao organizacija zasnovana na zajednici (CBO) u gradu Peje\/Pec da koordinira izdavanje i izdavanje Omladinskog \u010dasopisa na Kosovu, uz finansijsku podr\u0161ku USAID-a <br \/>Od svog osnivanja, NVO \u201cSyri i Vizionit\u201d je stekla profesionalizam kroz implementaciju velikog spektra vi\u0161estrukih projekata, dokazav\u0161i se kao istinski akter civilnog dru\u0161tva na Kosovu.<\/br>\n\nThroughout most recent years, the NGO \u201dSyri i Vizionit\u201d developed numerous partnerships with a wide range of national and international organizations, municipalities and other stakeholders Kosovo-wide and in the Balkans (USAID, IREX, DRC, CARE international, OSCE, Olof Palme, Swiss Labour Assistance...)<\/p>   <\/div> \r\n    \t\t<\/div>\n\t\t\t\t<\/div>\n\t\t\t\t<\/div>\n\t\t<div class=\"elementor-element elementor-element-e1c9ed0 e-flex e-con-boxed e-con e-child\" data-id=\"e1c9ed0\" data-element_type=\"container\">\n\t\t\t\t\t<div class=\"e-con-inner\">\n\t\t\t\t<div class=\"elementor-element elementor-element-3ee7e5e elementor-widget elementor-widget-risehand-image-box-v1\" data-id=\"3ee7e5e\" data-element_type=\"widget\" data-widget_type=\"risehand-image-box-v1.default\">\n\t\t\t\t<div class=\"elementor-widget-container\">\n\t\t\t                    <div class=\"image_box_two d_flex\">\r\n                                    <div class=\"vertical-text font_special\">\r\n                        Misli globalno, Deluj lokalno                    <\/div>\r\n                 \r\n                                    <div class=\"image img_obj_fit_center  imagereveal\">\r\n                        <img decoding=\"async\" src=\"https:\/\/syriivizionit.org\/wp-content\/uploads\/2024\/05\/Siv-scaled.jpg\" class=\"img\" alt=\"image\" \/>\r\n                    <\/div>\r\n                 \r\n            <\/div>\r\n                     \r\n\t\t<\/div>\n\t\t\t\t<\/div>\n\t\t\t\t\t<\/div>\n\t\t\t\t<\/div>\n\t\t\t\t\t<\/div>\n\t\t\t\t<\/div>\n\t\t<div class=\"elementor-element elementor-element-8fd8f2f e-flex e-con-boxed e-con e-parent\" data-id=\"8fd8f2f\" data-element_type=\"container\">\n\t\t\t\t\t<div class=\"e-con-inner\">\n\t\t<div class=\"elementor-element elementor-element-af1e9f9 e-con-full e-flex e-con e-child\" data-id=\"af1e9f9\" data-element_type=\"container\">\n\t\t\t\t<div class=\"elementor-element elementor-element-d4344be elementor-widget elementor-widget-risehand-icon-box\" data-id=\"d4344be\" data-element_type=\"widget\" data-widget_type=\"risehand-icon-box.default\">\n\t\t\t\t<div class=\"elementor-widget-container\">\n\t\t\t<div class=\"icon_box_all trans style_five\">  <div class=\"icon_box\"> <div class=\"spattern_bg mask_image trans\" style=\"mask-image: url(https:\/\/syriivizionit.org\/wp-content\/plugins\/risehand-addons\/assets\/image\/slider-2\/mask-1.png); -webkit-mask-image: url(https:\/\/syriivizionit.org\/wp-content\/plugins\/risehand-addons\/assets\/image\/slider-2\/mask-1.png);\"> <\/div>   <div class=\"icon\"> <span class=\"risehand-023-open-book\"><\/span> <\/div>   <\/div>  <div class=\"txt_content\">   <div class=\"title_24 mb_0\"> <a href=\"https:\/\/syriivizionit.org\/sr\/about-us-internal\/\" class=\"mb_0 pb_5\"  target=\"&quot;_blank&quot;\"  rel=\"&quot;nofollow&quot;\"> Our Mission <\/a> <\/div>    <p class=\"desc_p mt_10\"> Community support through information, advocacy, awareness and capacity building of individuals, informal groups, organizations, institutions, networks and donors. <\/p>   <div class=\"mt_20\"> <a class=\"text_btn\" href=\"https:\/\/syriivizionit.org\/sr\/about-us-internal\/\"  target=\"&quot;_blank&quot;\"  rel=\"&quot;nofollow&quot;\"> <small>Read More<\/small> <\/a> <\/div>  <\/div>  <\/div> \r\n\t\t<\/div>\n\t\t\t\t<\/div>\n\t\t\t\t<\/div>\n\t\t<div class=\"elementor-element elementor-element-78430a0 e-con-full e-flex e-con e-child\" data-id=\"78430a0\" data-element_type=\"container\">\n\t\t\t\t<div class=\"elementor-element elementor-element-35d7913 elementor-widget elementor-widget-risehand-icon-box\" data-id=\"35d7913\" data-element_type=\"widget\" data-widget_type=\"risehand-icon-box.default\">\n\t\t\t\t<div class=\"elementor-widget-container\">\n\t\t\t<div class=\"icon_box_all trans style_five\">  <div class=\"icon_box\"> <div class=\"spattern_bg mask_image trans\" style=\"mask-image: url(https:\/\/syriivizionit.org\/wp-content\/plugins\/risehand-addons\/assets\/image\/slider-2\/mask-1.png); -webkit-mask-image: url(https:\/\/syriivizionit.org\/wp-content\/plugins\/risehand-addons\/assets\/image\/slider-2\/mask-1.png);\"> <\/div>   <div class=\"icon\"> <span class=\"risehand-021-globe\"><\/span> <\/div>   <\/div>  <div class=\"txt_content\">   <div class=\"title_24 mb_0\"> <a href=\"https:\/\/syriivizionit.org\/sr\/about-us-internal\/\" class=\"mb_0 pb_5\"  target=\"&quot;_blank&quot;\"  rel=\"&quot;nofollow&quot;\"> Our Vision\n <\/a> <\/div>    <p class=\"desc_p mt_10\"> Organisation that implements local actions based on best practices <\/p>   <div class=\"mt_20\"> <a class=\"text_btn\" href=\"https:\/\/syriivizionit.org\/sr\/about-us-internal\/\"  target=\"&quot;_blank&quot;\"  rel=\"&quot;nofollow&quot;\"> <small>Read More<\/small> <\/a> <\/div>  <\/div>  <\/div> \r\n\t\t<\/div>\n\t\t\t\t<\/div>\n\t\t\t\t<\/div>\n\t\t<div class=\"elementor-element elementor-element-6601165 e-con-full e-flex e-con e-child\" data-id=\"6601165\" data-element_type=\"container\">\n\t\t\t\t<div class=\"elementor-element elementor-element-046f84a elementor-widget elementor-widget-risehand-icon-box\" data-id=\"046f84a\" data-element_type=\"widget\" data-widget_type=\"risehand-icon-box.default\">\n\t\t\t\t<div class=\"elementor-widget-container\">\n\t\t\t<div class=\"icon_box_all trans style_five\">  <div class=\"icon_box\"> <div class=\"spattern_bg mask_image trans\" style=\"mask-image: url(https:\/\/syriivizionit.org\/wp-content\/plugins\/risehand-addons\/assets\/image\/slider-2\/mask-1.png); -webkit-mask-image: url(https:\/\/syriivizionit.org\/wp-content\/plugins\/risehand-addons\/assets\/image\/slider-2\/mask-1.png);\"> <\/div>   <div class=\"icon\"> <span class=\"risehand-022-charity\"><\/span> <\/div>   <\/div>  <div class=\"txt_content\">   <div class=\"title_24 mb_0\"> <a href=\"https:\/\/syriivizionit.org\/sr\/about-us-internal\/\" class=\"mb_0 pb_5\"  target=\"&quot;_blank&quot;\"  rel=\"&quot;nofollow&quot;\"> Organizational values <\/a> <\/div>    <p class=\"desc_p mt_10\"> Respecting everyone without distinction<\/br>\nWorking in a team and helping each other<\/br>\nAction space for volunteers<\/br>\nTrust and responsibility<\/br>\nCollaborative approach<\/br>\nInclusiveness <\/p>   <div class=\"mt_20\"> <a class=\"text_btn\" href=\"https:\/\/syriivizionit.org\/sr\/about-us-internal\/\"  target=\"&quot;_blank&quot;\"  rel=\"&quot;nofollow&quot;\"> <small>Read More<\/small> <\/a> <\/div>  <\/div>  <\/div> \r\n\t\t<\/div>\n\t\t\t\t<\/div>\n\t\t\t\t<\/div>\n\t\t\t\t\t<\/div>\n\t\t\t\t<\/div>\n\t\t<div class=\"elementor-element elementor-element-1ca0dac e-flex e-con-boxed e-con e-parent\" data-id=\"1ca0dac\" data-element_type=\"container\">\n\t\t\t\t\t<div class=\"e-con-inner\">\n\t\t<div class=\"elementor-element elementor-element-1a44d04 e-flex e-con-boxed e-con e-child\" data-id=\"1a44d04\" data-element_type=\"container\" data-settings=\"{&quot;background_background&quot;:&quot;classic&quot;}\">\n\t\t\t\t\t<div class=\"e-con-inner\">\n\t\t<div class=\"elementor-element elementor-element-b09425c e-con-full e-flex e-con e-child\" data-id=\"b09425c\" data-element_type=\"container\">\n\t\t<div class=\"elementor-element elementor-element-0e337fe e-flex e-con-boxed e-con e-child\" data-id=\"0e337fe\" data-element_type=\"container\">\n\t\t\t\t\t<div class=\"e-con-inner\">\n\t\t\t\t<div class=\"elementor-element elementor-element-9ff94e4 elementor-widget elementor-widget-text-editor\" data-id=\"9ff94e4\" data-element_type=\"widget\" data-widget_type=\"text-editor.default\">\n\t\t\t\t<div class=\"elementor-widget-container\">\n\t\t\t\t\t\t\t<p>*Statistics last updated: 05.21.2024<\/p>\t\t\t\t\t\t<\/div>\n\t\t\t\t<\/div>\n\t\t\t\t<div class=\"elementor-element elementor-element-d3f0099 elementor-widget elementor-widget-risehand-title-v1\" data-id=\"d3f0099\" data-element_type=\"widget\" data-widget_type=\"risehand-title-v1.default\">\n\t\t\t\t<div class=\"elementor-widget-container\">\n\t\t\t<div class=\"title_all_box style_one dark_color\">   <div class=\"before_title pb_15 d_flex align-items-center\">  <div class=\"icon_box\">   <div class=\"icon\"> <span class=\"risehand-params\"><\/span> <\/div>   <\/div>  <div class=\"sub_title font_special\"> Syri i Vizionit  Statistics <\/div> <\/div>   <h2 class=\"title_no_a_46  mb_0 pb_20\">Think globally, act locally<\/h2>    <\/div> \r\n    \t\t<\/div>\n\t\t\t\t<\/div>\n\t\t\t\t<div class=\"elementor-element elementor-element-6218c36 elementor-widget elementor-widget-risehand-themebtns-v1\" data-id=\"6218c36\" data-element_type=\"widget\" data-widget_type=\"risehand-themebtns-v1.default\">\n\t\t\t\t<div class=\"elementor-widget-container\">\n\t\t\t \r\n<div class=\"theme_btn_all\">  <a href=\"https:\/\/syriivizionit.org\/sr\/contact\/\" class=\"theme_btn\"  target=\"&quot;_blank&quot;\"  rel=\"&quot;nofollow&quot;\"> Contact Us    <span class=\"risehand-chevrons-right\"><\/span>    <\/a>  <\/div>\r\n\t\t<\/div>\n\t\t\t\t<\/div>\n\t\t\t\t\t<\/div>\n\t\t\t\t<\/div>\n\t\t\t\t<\/div>\n\t\t<div class=\"elementor-element elementor-element-3fe555d e-con-full e-flex e-con e-child\" data-id=\"3fe555d\" data-element_type=\"container\">\n\t\t<div class=\"elementor-element elementor-element-6ca25ba e-con-full e-flex e-con e-child\" data-id=\"6ca25ba\" data-element_type=\"container\">\n\t\t<div class=\"elementor-element elementor-element-2c43f4f e-con-full e-flex e-con e-child\" data-id=\"2c43f4f\" data-element_type=\"container\">\n\t\t\t\t<div class=\"elementor-element elementor-element-96758da elementor-widget elementor-widget-risehand-fun-facts-box\" data-id=\"96758da\" data-element_type=\"widget\" data-widget_type=\"risehand-fun-facts-box.default\">\n\t\t\t\t<div class=\"elementor-widget-container\">\n\t\t\t \r\n     <div class=\"facts_style_two count-box mb_40 d_flex align-item-center\"><div class=\"icon_box\"><div class=\"icon d_flex\"><span class=\"risehand-014-experience\"><\/span><\/div><\/div><div class=\"content_box\"><div class=\"coun_ter\"><span class=\"count-text\">23<\/span><small>+<\/small><\/div><div class=\"title_no_a_22\">\nGodine osnivanja<\/div><\/div><\/div>\r\n\t\t<\/div>\n\t\t\t\t<\/div>\n\t\t\t\t<div class=\"elementor-element elementor-element-3c605f0 elementor-widget elementor-widget-spacer\" data-id=\"3c605f0\" data-element_type=\"widget\" data-widget_type=\"spacer.default\">\n\t\t\t\t<div class=\"elementor-widget-container\">\n\t\t\t\t\t<div class=\"elementor-spacer\">\n\t\t\t<div class=\"elementor-spacer-inner\"><\/div>\n\t\t<\/div>\n\t\t\t\t<\/div>\n\t\t\t\t<\/div>\n\t\t\t\t<div class=\"elementor-element elementor-element-f1bcdcb elementor-widget elementor-widget-risehand-fun-facts-box\" data-id=\"f1bcdcb\" data-element_type=\"widget\" data-widget_type=\"risehand-fun-facts-box.default\">\n\t\t\t\t<div class=\"elementor-widget-container\">\n\t\t\t \r\n     <div class=\"facts_style_two count-box mb_40 d_flex align-item-center\"><div class=\"icon_box\"><div class=\"icon d_flex\"><span class=\"risehand-016-team\"><\/span><\/div><\/div><div class=\"content_box\"><div class=\"coun_ter\"><span class=\"count-text\">10<\/span><small>k +<\/small><\/div><div class=\"title_no_a_22\">Ljudi asistirani<\/div><\/div><\/div>\r\n\t\t<\/div>\n\t\t\t\t<\/div>\n\t\t\t\t<div class=\"elementor-element elementor-element-b72784f elementor-widget elementor-widget-spacer\" data-id=\"b72784f\" data-element_type=\"widget\" data-widget_type=\"spacer.default\">\n\t\t\t\t<div class=\"elementor-widget-container\">\n\t\t\t\t\t<div class=\"elementor-spacer\">\n\t\t\t<div class=\"elementor-spacer-inner\"><\/div>\n\t\t<\/div>\n\t\t\t\t<\/div>\n\t\t\t\t<\/div>\n\t\t\t\t<\/div>\n\t\t<div class=\"elementor-element elementor-element-8520f98 e-con-full e-flex e-con e-child\" data-id=\"8520f98\" data-element_type=\"container\">\n\t\t\t\t<div class=\"elementor-element elementor-element-11eecc4 elementor-widget elementor-widget-risehand-fun-facts-box\" data-id=\"11eecc4\" data-element_type=\"widget\" data-widget_type=\"risehand-fun-facts-box.default\">\n\t\t\t\t<div class=\"elementor-widget-container\">\n\t\t\t \r\n     <div class=\"facts_style_two count-box mb_40 d_flex align-item-center\"><div class=\"icon_box\"><div class=\"icon d_flex\"><span class=\"risehand-015-donate\"><\/span><\/div><\/div><div class=\"content_box\"><div class=\"coun_ter\"><span class=\"count-text\">100<\/span><small>+<\/small><\/div><div class=\"title_no_a_22\">Donation<\/div><\/div><\/div>\r\n\t\t<\/div>\n\t\t\t\t<\/div>\n\t\t\t\t<div class=\"elementor-element elementor-element-a442646 elementor-widget elementor-widget-spacer\" data-id=\"a442646\" data-element_type=\"widget\" data-widget_type=\"spacer.default\">\n\t\t\t\t<div class=\"elementor-widget-container\">\n\t\t\t\t\t<div class=\"elementor-spacer\">\n\t\t\t<div class=\"elementor-spacer-inner\"><\/div>\n\t\t<\/div>\n\t\t\t\t<\/div>\n\t\t\t\t<\/div>\n\t\t\t\t<div class=\"elementor-element elementor-element-41963be elementor-widget elementor-widget-risehand-fun-facts-box\" data-id=\"41963be\" data-element_type=\"widget\" data-widget_type=\"risehand-fun-facts-box.default\">\n\t\t\t\t<div class=\"elementor-widget-container\">\n\t\t\t \r\n     <div class=\"facts_style_two count-box mb_40 d_flex align-item-center\"><div class=\"icon_box\"><div class=\"icon d_flex\"><span class=\"risehand-017-task\"><\/span><\/div><\/div><div class=\"content_box\"><div class=\"coun_ter\"><span class=\"count-text\">50<\/span><small>+<\/small><\/div><div class=\"title_no_a_22\">\n\nZavr\u0161eni Projekti<\/div><\/div><\/div>\r\n\t\t<\/div>\n\t\t\t\t<\/div>\n\t\t\t\t<div class=\"elementor-element elementor-element-f899e43 elementor-widget elementor-widget-spacer\" data-id=\"f899e43\" data-element_type=\"widget\" data-widget_type=\"spacer.default\">\n\t\t\t\t<div class=\"elementor-widget-container\">\n\t\t\t\t\t<div class=\"elementor-spacer\">\n\t\t\t<div class=\"elementor-spacer-inner\"><\/div>\n\t\t<\/div>\n\t\t\t\t<\/div>\n\t\t\t\t<\/div>\n\t\t\t\t<\/div>\n\t\t\t\t<\/div>\n\t\t\t\t<\/div>\n\t\t\t\t\t<\/div>\n\t\t\t\t<\/div>\n\t\t\t\t\t<\/div>\n\t\t\t\t<\/div>\n\t\t\t\t<\/div>","protected":false},"excerpt":{"rendered":"<p>About Us The organization \u201dSyri i Vizionit\u201d officially registered as a local NGO in September 2001, started operating as early as 1999 as a Community-Based Organization (CBO) in the city [&hellip;]<\/p>","protected":false},"author":1,"featured_media":0,"parent":0,"menu_order":0,"comment_status":"closed","ping_status":"closed","template":"template-fullwidth.php","meta":{"_acf_changed":false,"footnotes":""},"class_list":["post-2962","page","type-page","status-publish","hentry"],"acf":[],"_links":{"self":[{"href":"https:\/\/syriivizionit.org\/sr\/wp-json\/wp\/v2\/pages\/2962","targetHints":{"allow":["GET"]}}],"collection":[{"href":"https:\/\/syriivizionit.org\/sr\/wp-json\/wp\/v2\/pages"}],"about":[{"href":"https:\/\/syriivizionit.org\/sr\/wp-json\/wp\/v2\/types\/page"}],"author":[{"embeddable":true,"href":"https:\/\/syriivizionit.org\/sr\/wp-json\/wp\/v2\/users\/1"}],"replies":[{"embeddable":true,"href":"https:\/\/syriivizionit.org\/sr\/wp-json\/wp\/v2\/comments?post=2962"}],"version-history":[{"count":160,"href":"https:\/\/syriivizionit.org\/sr\/wp-json\/wp\/v2\/pages\/2962\/revisions"}],"predecessor-version":[{"id":16448,"href":"https:\/\/syriivizionit.org\/sr\/wp-json\/wp\/v2\/pages\/2962\/revisions\/16448"}],"wp:attachment":[{"href":"https:\/\/syriivizionit.org\/sr\/wp-json\/wp\/v2\/media?parent=2962"}],"curies":[{"name":"wp","href":"https:\/\/api.w.org\/{rel}","templated":true}]}}